{"id":40,"date":"2024-04-07T14:55:16","date_gmt":"2024-04-07T14:55:16","guid":{"rendered":"https:\/\/karower-familien-flohmarkt.de\/?page_id=40"},"modified":"2024-04-07T14:55:16","modified_gmt":"2024-04-07T14:55:16","slug":"impressum","status":"publish","type":"page","link":"https:\/\/karower-familien-flohmarkt.de\/?page_id=40","title":{"rendered":"Impressum"},"content":{"rendered":"\n<h1 class=\"wp-block-heading\"><\/h1>\n\n\n\n<p>Kleiner Partyheld \u2013 <a href=\"https:\/\/kleiner-partyheld.de\/\" target=\"_blank\" rel=\"noopener\">Ballondeko<\/a> &amp; Eventservice<br>Ronald R\u00fcckert<br>Stra\u00dfe 52 Nr. 81b<br>13125 Berlin<br>Deutschland<\/p>\n\n\n\n<p>Tel.: 0151 \/ 22 75 89 70<br>E-Mail: <a href=\"mailto:info@kleiner-partyheld.de\">info@karower-familien-flohmarkt.de<\/a><\/p>\n\n\n\n<p>Umsatzsteuerfreie Leistungen gem\u00e4\u00df \u00a719 UStG<\/p>\n\n\n\n<p>Verantwortliche\/r i.S.d. \u00a7 55 Abs. 2 RStV:<\/p>\n\n\n\n<p>Ronald R\u00fcckert, Stra\u00dfe 52 Nr. 81b, 13125 Berlin<\/p>\n\n\n\n<p>Alternative Streitbeilegung gem\u00e4\u00df Art. 14 Abs. 1 ODR-VO und \u00a7 36 VSBG:<\/p>\n\n\n\n<p>Die Europ\u00e4ische Kommission stellt eine Plattform zur Online-Streitbeilegung (OS) bereit, die du unter https:\/\/ec.europa.eu\/consumers\/odr findest. Zur Teilnahme an einem Streitbeilegungsverfahren vor einer Verbraucherschlichtungsstelle sind wir nicht verpflichtet und nicht bereit.<\/p>\n\n\n\n<p><\/p>\n","protected":false},"excerpt":{"rendered":"<p>Kleiner Partyheld \u2013 Ballondeko &amp; EventserviceRonald R\u00fcckertStra\u00dfe 52 Nr. 81b13125 BerlinDeutschland Tel.: 0151 \/ 22 75 89 70E-Mail: info@karower-familien-flohmarkt.de Umsatzsteuerfreie Leistungen gem\u00e4\u00df \u00a719 UStG Verantwortliche\/r i.S.d. \u00a7 55 Abs. 2 RStV: Ronald R\u00fcckert, Stra\u00dfe 52 Nr. 81b, 13125 Berlin Alternative Streitbeilegung gem\u00e4\u00df Art. 14 Abs. 1 ODR-VO und \u00a7 36 VSBG: Die Europ\u00e4ische Kommission stellt &hellip; <\/p>\n<p class=\"link-more\"><a href=\"https:\/\/karower-familien-flohmarkt.de\/?page_id=40\" class=\"more-link\">Mehr <span class=\"screen-reader-text\">\u00fcber &#8222;Impressum&#8220; <\/span>Lesen<\/a><\/p>\n","protected":false},"author":2,"featured_media":0,"parent":0,"menu_order":0,"comment_status":"closed","ping_status":"closed","template":"","meta":{"inspiro_hide_title":false,"footnotes":""},"class_list":["post-40","page","type-page","status-publish","hentry"],"_links":{"self":[{"href":"https:\/\/karower-familien-flohmarkt.de\/index.php?rest_route=\/wp\/v2\/pages\/40","targetHints":{"allow":["GET"]}}],"collection":[{"href":"https:\/\/karower-familien-flohmarkt.de\/index.php?rest_route=\/wp\/v2\/pages"}],"about":[{"href":"https:\/\/karower-familien-flohmarkt.de\/index.php?rest_route=\/wp\/v2\/types\/page"}],"author":[{"embeddable":true,"href":"https:\/\/karower-familien-flohmarkt.de\/index.php?rest_route=\/wp\/v2\/users\/2"}],"replies":[{"embeddable":true,"href":"https:\/\/karower-familien-flohmarkt.de\/index.php?rest_route=%2Fwp%2Fv2%2Fcomments&post=40"}],"version-history":[{"count":3,"href":"https:\/\/karower-familien-flohmarkt.de\/index.php?rest_route=\/wp\/v2\/pages\/40\/revisions"}],"predecessor-version":[{"id":43,"href":"https:\/\/karower-familien-flohmarkt.de\/index.php?rest_route=\/wp\/v2\/pages\/40\/revisions\/43"}],"wp:attachment":[{"href":"https:\/\/karower-familien-flohmarkt.de\/index.php?rest_route=%2Fwp%2Fv2%2Fmedia&parent=40"}],"curies":[{"name":"wp","href":"https:\/\/api.w.org\/{rel}","templated":true}]}}