{"id":242,"date":"2024-04-13T09:00:06","date_gmt":"2024-04-13T09:00:06","guid":{"rendered":"https:\/\/karower-familien-flohmarkt.de\/?page_id=242"},"modified":"2024-04-13T09:40:51","modified_gmt":"2024-04-13T09:40:51","slug":"partner","status":"publish","type":"page","link":"https:\/\/karower-familien-flohmarkt.de\/?page_id=242","title":{"rendered":"Partner"},"content":{"rendered":"\n<p>&#8222;<a href=\"https:\/\/kleiner-partyheld.de\/\" target=\"_blank\" rel=\"noopener\">Kleiner Partyheld<\/a>&#8222;<\/p>\n\n\n\n<p>Unsere Ballondekorationen bieten wir f\u00fcr Berlin &amp; Umland an. Wir liefern dazu gern die Ballons und Dekorationen zu Deiner Hochzeits- oder Eventlocation. Nimm f\u00fcr Einzelheiten gern <a href=\"https:\/\/kleiner-partyheld.de\/kontakt\/\" target=\"_blank\" rel=\"noopener\">Kontakt<\/a> mit uns auf. In Berlin-Karow k\u00f6nnen nach Terminvereinbarung die Ballons und Dekorationen auch abgeholt werden.<\/p>\n\n\n\n<p>Wir liefern f\u00fcr Firmenevents, Gesch\u00e4ftser\u00f6ffnungen oder Firmenjubil\u00e4en tolle Ballodekorationen in den Firmenfarben. Besonders beliebt sind hier die Ballongirlanden zur Ladener\u00f6ffnung.<\/p>\n\n\n\n<p><\/p>\n\n\n\n<figure class=\"wp-block-image size-full\"><img loading=\"lazy\" decoding=\"async\" width=\"330\" height=\"244\" src=\"https:\/\/karower-familien-flohmarkt.de\/wp-content\/uploads\/2024\/04\/image.png\" alt=\"\" class=\"wp-image-247\" srcset=\"https:\/\/karower-familien-flohmarkt.de\/wp-content\/uploads\/2024\/04\/image.png 330w, https:\/\/karower-familien-flohmarkt.de\/wp-content\/uploads\/2024\/04\/image-300x222.png 300w\" sizes=\"auto, (max-width: 330px) 100vw, 330px\" \/><\/figure>\n\n\n\n<p>&#8222;<a href=\"https:\/\/sauberes-berlin.com\/\" target=\"_blank\" rel=\"noopener\">Glas &#8211; und Geb\u00e4udereinigung Koch<\/a>&#8222;<\/p>\n\n\n\n<p>Die Firma\u00a0<a href=\"https:\/\/maps.google.com\/maps?cid=7719377690180515006\" target=\"_blank\" rel=\"noreferrer noopener\">Glas- und Geb\u00e4udereinigungsfirma Koch<\/a>\u00a0hat seinen Sitz in Karow, im Stadtbezirk Pankow, und f\u00fchlt sich mit seiner Region verbunden. Wir unterst\u00fctzen zahlreiche Projekte in Karow und im Stadtbezirk Pankow und freuen uns deshalb sehr, dass auch viele unserer Kunden aus dem\u00a0<a href=\"https:\/\/goo.gl\/maps\/wzcXezrFHe9Lgz6x9\" target=\"_blank\" rel=\"noreferrer noopener\">Bezirk Pankow<\/a>\u00a0und dem n\u00f6rdlichen Berliner Stadtrand kommen und unsere Reinigungsleistungen in Anspruch nehmen.<br>Wir verstehen uns aber auch als ein Berliner Reinigungsunternehmen und so ist unser professionelles Reinigungsteam in der ganzen Stadt und im n\u00f6rdlichen Berliner Umland unterwegs und reinigt gr\u00fcndlich und zuverl\u00e4ssig die Geb\u00e4ude unserer Kunden.<br>Deshalb freuen wir uns nat\u00fcrlich auf alle Anfragen aus den Berliner Stadtbezirken und dem Umland. Nutzen Sie dazu am besten gleich unser <a href=\"https:\/\/sauberes-berlin.com\/kontakt\" target=\"_blank\" rel=\"noopener\">Formular<\/a> oder rufen mich pers\u00f6nlich an unter:\u00a0<strong><a href=\"tel:+4917670717933\">0176-70717933<\/a><\/strong><\/p>\n\n\n\n<p>Ihr Dirk-Felix Koch<\/p>\n\n\n\n<figure class=\"wp-block-image size-full\"><img loading=\"lazy\" decoding=\"async\" width=\"267\" height=\"300\" src=\"https:\/\/karower-familien-flohmarkt.de\/wp-content\/uploads\/2024\/04\/image-1.png\" alt=\"\" class=\"wp-image-248\"\/><\/figure>\n\n\n\n<p>&#8222;<a href=\"https:\/\/huepfburgverleih-pankow.de\/\" target=\"_blank\" rel=\"noopener\">Kraft\u00b4s Dienstleistungen<\/a>&#8222;<\/p>\n\n\n\n<p>Lassen Sie Ihre Party zu einem besonderen\u00a0<strong>Highlight<\/strong>\u00a0werden! \u2026 oder verschenken Sie Freude an Ihre Lieben!! F\u00fcr drau\u00dfen oder im gro\u00dfen Raum: wie w\u00e4re es mit einer\u00a0<strong>H\u00fcpfburg<\/strong>\u00a0oder einer\u00a0<strong>Luftrutsche<\/strong>\u00a0f\u00fcr die Kinder oder jung Gebliebene? Stellen Sie Ihre\u00a0<strong>Zuckerwatte<\/strong>\u00a0vor Ort doch mal selber her! Probieren Sie Ihr eigenes, gesundes Slush-Eis aus S\u00e4ften, wie Sie es wollen! Wir haben noch mehr zu bieten, z.B.\u00a0<strong>Partyzubeh\u00f6r<\/strong>, besondere\u00a0<strong>Fu\u00dfballspiele<\/strong>, \u2026! Scrollen Sie durch unsere <a href=\"https:\/\/huepfburgverleih-pankow.de\/\" target=\"_blank\" rel=\"noopener\">Seite<\/a>!<\/p>\n\n\n\n<p>Auch Anlieferung und Aufbau sind kein Problem. <\/p>\n\n\n\n<figure class=\"wp-block-image size-full\"><img loading=\"lazy\" decoding=\"async\" width=\"625\" height=\"125\" src=\"https:\/\/karower-familien-flohmarkt.de\/wp-content\/uploads\/2024\/04\/image-2.png\" alt=\"\" class=\"wp-image-250\" srcset=\"https:\/\/karower-familien-flohmarkt.de\/wp-content\/uploads\/2024\/04\/image-2.png 625w, https:\/\/karower-familien-flohmarkt.de\/wp-content\/uploads\/2024\/04\/image-2-300x60.png 300w\" sizes=\"auto, (max-width: 625px) 100vw, 625px\" \/><\/figure>\n\n\n\n<p>&#8222;<a href=\"https:\/\/www.unternehmerhilfe-berlin.de\/?utm_source=google&amp;utm_medium=organic&amp;utm_campaign=gmb\" target=\"_blank\" rel=\"noopener\">Unternehmensberater Frank Marggraf<\/a>&#8222;<\/p>\n\n\n\n<p>Unternehmen erfolgreich planen, ausstatten und positionieren!<\/p>\n\n\n\n<p>Genau darum geht es doch! Du m\u00f6chtest Dich mit Deiner Gr\u00fcndungsidee oder Deinem bestehendem Unternehmen bzw. Deiner Selbst\u00e4ndigkeit nachhaltig verwirklichen. Deine Selbst\u00e4ndigkeit soll Deinem Leben eine Grundlage bieten. Und als Unternehmen soll es Deinen Mitarbeiter\/innen sowie derer Familien \u2013 aber auch den Kunden\/innen und Partner\/innen \u2013 Verl\u00e4sslichkeit und Qualit\u00e4t geben. In einer Zeit voller Dynamik und immer weniger Best\u00e4ndigem ist das eine mithin \u00fcberaus gro\u00dfe Aufgabe. Ben\u00f6tigte Sicherheit und Klarheit f\u00fcr Dich setzen angemessen verf\u00fcgbare Ressourcen und Rahmenbedingungen voraus. Mein Angebot f\u00fcr Dich ist es, diese Voraussetzungen gemeinsam mit Dir\/Euch herbeizuholen. <\/p>\n\n\n\n<p><\/p>\n\n\n\n<figure class=\"wp-block-image size-full\"><img loading=\"lazy\" decoding=\"async\" width=\"661\" height=\"100\" src=\"https:\/\/karower-familien-flohmarkt.de\/wp-content\/uploads\/2024\/04\/image-4.png\" alt=\"\" class=\"wp-image-258\" srcset=\"https:\/\/karower-familien-flohmarkt.de\/wp-content\/uploads\/2024\/04\/image-4.png 661w, https:\/\/karower-familien-flohmarkt.de\/wp-content\/uploads\/2024\/04\/image-4-300x45.png 300w\" sizes=\"auto, (max-width: 661px) 100vw, 661px\" \/><\/figure>\n","protected":false},"excerpt":{"rendered":"<p>&#8222;Kleiner Partyheld&#8222; Unsere Ballondekorationen bieten wir f\u00fcr Berlin &amp; Umland an. Wir liefern dazu gern die Ballons und Dekorationen zu Deiner Hochzeits- oder Eventlocation. Nimm f\u00fcr Einzelheiten gern Kontakt mit uns auf. In Berlin-Karow k\u00f6nnen nach Terminvereinbarung die Ballons und Dekorationen auch abgeholt werden. Wir liefern f\u00fcr Firmenevents, Gesch\u00e4ftser\u00f6ffnungen oder Firmenjubil\u00e4en tolle Ballodekorationen in den &hellip; <\/p>\n<p class=\"link-more\"><a href=\"https:\/\/karower-familien-flohmarkt.de\/?page_id=242\" class=\"more-link\">Mehr <span class=\"screen-reader-text\">\u00fcber &#8222;Partner&#8220; <\/span>Lesen<\/a><\/p>\n","protected":false},"author":2,"featured_media":0,"parent":0,"menu_order":0,"comment_status":"closed","ping_status":"closed","template":"","meta":{"inspiro_hide_title":false,"footnotes":""},"class_list":["post-242","page","type-page","status-publish","hentry"],"_links":{"self":[{"href":"https:\/\/karower-familien-flohmarkt.de\/index.php?rest_route=\/wp\/v2\/pages\/242","targetHints":{"allow":["GET"]}}],"collection":[{"href":"https:\/\/karower-familien-flohmarkt.de\/index.php?rest_route=\/wp\/v2\/pages"}],"about":[{"href":"https:\/\/karower-familien-flohmarkt.de\/index.php?rest_route=\/wp\/v2\/types\/page"}],"author":[{"embeddable":true,"href":"https:\/\/karower-familien-flohmarkt.de\/index.php?rest_route=\/wp\/v2\/users\/2"}],"replies":[{"embeddable":true,"href":"https:\/\/karower-familien-flohmarkt.de\/index.php?rest_route=%2Fwp%2Fv2%2Fcomments&post=242"}],"version-history":[{"count":11,"href":"https:\/\/karower-familien-flohmarkt.de\/index.php?rest_route=\/wp\/v2\/pages\/242\/revisions"}],"predecessor-version":[{"id":260,"href":"https:\/\/karower-familien-flohmarkt.de\/index.php?rest_route=\/wp\/v2\/pages\/242\/revisions\/260"}],"wp:attachment":[{"href":"https:\/\/karower-familien-flohmarkt.de\/index.php?rest_route=%2Fwp%2Fv2%2Fmedia&parent=242"}],"curies":[{"name":"wp","href":"https:\/\/api.w.org\/{rel}","templated":true}]}}