{"id":216,"date":"2024-04-13T08:33:47","date_gmt":"2024-04-13T08:33:47","guid":{"rendered":"https:\/\/karower-familien-flohmarkt.de\/?page_id=216"},"modified":"2025-03-12T04:57:17","modified_gmt":"2025-03-12T04:57:17","slug":"216-2","status":"publish","type":"page","link":"https:\/\/karower-familien-flohmarkt.de\/?page_id=216","title":{"rendered":"Allgemeine Regeln unserer Flohm\u00e4rkte"},"content":{"rendered":"\n<p class=\"has-text-align-center\"><\/p>\n\n\n\n<p><\/p>\n\n\n\n<p>Hier findet Ihr unsere allgemeinen Vertragsregeln zu unseren Flohm\u00e4rkten. Es ist keine \u00dcberraschung, das solche Veranstaltungen gewisse Rahmenbedingungen ben\u00f6tigen, damit alles reibungslos abl\u00e4uft. Daher haben wir einige Regeln aufgestellt, an die sich unsere Standbetreiber, sowie Besucher zu halten haben. Wir alle m\u00f6chten den Flohmarkt auch in Zukunft weiterf\u00fchren, sodass wir die Einschr\u00e4nkungen vor allem auch f\u00fcr die Anwohner in Grenzen halten wollen. Folgende Regeln haben wir daher aufgestellt.<\/p>\n\n\n\n<p><\/p>\n\n\n\n<ul class=\"wp-block-list\">\n<li style=\"font-size:clamp(14px, 0.875rem + ((1vw - 3.2px) * 0.531), 20px);\"><strong><em><mark style=\"background-color:rgba(0, 0, 0, 0)\" class=\"has-inline-color has-secondary-color\">Grundlegendes:<\/mark><\/em><\/strong><\/li>\n\n\n\n<li>der Flohmarkt findet 3x im Jahr Sonntags zwischen 10:00 Uhr und 16:00 Uhr statt (siehe <a href=\"https:\/\/karower-familien-flohmarkt.de\/?page_id=49\">Events<\/a>)<\/li>\n\n\n\n<li>ein regul\u00e4rer Standplatz betr\u00e4gt 3m Breite zum Selbstaufbau (am Besten macht sich hier ein Tapeziertisch)<\/li>\n\n\n\n<li>der Aufbau der Flohmarktst\u00e4nde kann ab 09:00 Uhr erfolgen (ein vorheriger Aufbau behindert den organisatorischen Ablauf)<\/li>\n\n\n\n<li>der Abbau kann fr\u00fchestens ab 15:45 Uhr erfolgen (die Attraktivit\u00e4t f\u00fcr Besucher soll bis zum Schluss gewahrt bleiben)<\/li>\n\n\n\n<li>der Veranstalter ist berechtigt Fotos und\/oder Videoaufnahmen f\u00fcr Werbezwecke vom Veranstaltungsgeschehen, Verkaufsst\u00e4nden, sowie Gegenst\u00e4nden zu erstellen und zu nutzen<\/li>\n\n\n\n<li>Standbetreiber und Besucher r\u00e4umen dem Veranstalter mit seiner Anmeldung und dem Besuch unwiderruflich und kostenfrei die Nutzungsrechte des Bild &#8211; und Videomaterials ein<\/li>\n\n\n\n<li>eine Stornierung der Standfl\u00e4chen ist m\u00f6glich, diese muss schriftlich erfolgen<\/li>\n\n\n\n<li>der Standbetreiber hat seinen Stand selbst zu beaufsichtigen und zu bewachen (auch w\u00e4hrend der Auf &#8211; und Abbau-Zeiten)<\/li>\n\n\n\n<li>f\u00fcr Sch\u00e4den, Verlust o.\u00e4. hat der Standbetreiber selbst zu haften &#8211;&gt; eine Haftung seitens des Veranstalters entf\u00e4llt<\/li>\n\n\n\n<li class=\"has-medium-font-size\"><strong><em><mark style=\"background-color:rgba(0, 0, 0, 0)\" class=\"has-inline-color has-secondary-color\">Hausrecht:<\/mark><\/em><\/strong><\/li>\n\n\n\n<li>der Veranstalter \u00fcbt auf dem gesamten Veranstaltungsgel\u00e4nde f\u00fcr die Zeit der Durchf\u00fchrung, sowie w\u00e4hrend der Auf &#8211; und Abbauzeiten der Veranstaltung das Hausrecht aus<\/li>\n\n\n\n<li>der Veranstalter, seine Beauftragten und das Personal sind weisungsberechtigt<\/li>\n\n\n\n<li>aufgrund h\u00f6herer Gewalt (Unwetter, Beh\u00f6rdenentscheidungen o.\u00e4.) kann die Veranstaltung abgebrochen und \/ oder verschoben werden. Ersatzanspr\u00fcche gegen\u00fcber dem Veranstalter k\u00f6nnen NICHT geltend gemacht werden<\/li>\n\n\n\n<li>Weisungen der Marktleitung, der Polizei, der Feuerwehr, dem Ordnungsbeh\u00f6rden sind in jedem Fall Folge zu leisten<\/li>\n\n\n\n<li class=\"has-medium-font-size\"><strong><em><mark style=\"background-color:rgba(0, 0, 0, 0)\" class=\"has-inline-color has-secondary-color\">Kosten:<\/mark><\/em><\/strong><\/li>\n\n\n\n<li>pro 3m Standfl\u00e4che werden zwischen 20,00 Euro und 25,00 Euro Geb\u00fchr (je nach Standort)<\/li>\n\n\n\n<li>pro Stand werden 20,00 Euro Kaution (zus\u00e4tzlich zur Geb\u00fchr) erhoben (diese werden nach Flohmarkt-Ende, sowie Kontrolle des Veranstalters wieder zur\u00fcck gezahlt)<\/li>\n\n\n\n<li>der Standplatz wird zum Flohmarkt-Ende wieder ordnungsgem\u00e4\u00df verlassen (alle \u00fcbriggebliebene Gegenst\u00e4nde werden mitgenommen, M\u00fcll wird mitgenommen) &#8211;&gt; die Kaution wird nach Kontrolle wieder ausgezahlt<\/li>\n\n\n\n<li>eine Stornierung der Standfl\u00e4chen ist m\u00f6glich, diese muss schriftlich erfolgen<\/li>\n\n\n\n<li>bei Stornierung bis 2 Wochen vor Veranstaltungsbeginn werden 50% der Geb\u00fchr einbehalten, bei 1 Woche werden 100% einbehalten<\/li>\n\n\n\n<li>Ausnahme der vorherigen Regel besteht, sofern der Standbetreiber selbst einen neuen Betreiber organisiert<\/li>\n\n\n\n<li class=\"has-medium-font-size\"><strong><em><mark style=\"background-color:rgba(0, 0, 0, 0)\" class=\"has-inline-color has-secondary-color\">Parkordnung:<\/mark><\/em><\/strong><\/li>\n\n\n\n<li>Fahrzeuge (PKWs, Kleintransporter) k\u00f6nnen f\u00fcrs Be &#8211; und Entladen in der N\u00e4he des Standes kurz geparkt\/gehalten werden (unter Einhaltung der StVO)<\/li>\n\n\n\n<li>Bordsteinabsenkungen, Feuerwehrzufahrten, sowie Spielstra\u00dfen sind frei zu halten<\/li>\n\n\n\n<li>nutzt die vorhandenen Parkpl\u00e4tze der Umgehungsstra\u00dfen, nicht korrekt abgestellte Fahrzeuge werden kostenpflichtig abgeschleppt (Polizei und Ordnungsamt wird vor Ort sein)<\/li>\n<\/ul>\n","protected":false},"excerpt":{"rendered":"<p>Hier findet Ihr unsere allgemeinen Vertragsregeln zu unseren Flohm\u00e4rkten. Es ist keine \u00dcberraschung, das solche Veranstaltungen gewisse Rahmenbedingungen ben\u00f6tigen, damit alles reibungslos abl\u00e4uft. Daher haben wir einige Regeln aufgestellt, an die sich unsere Standbetreiber, sowie Besucher zu halten haben. Wir alle m\u00f6chten den Flohmarkt auch in Zukunft weiterf\u00fchren, sodass wir die Einschr\u00e4nkungen vor allem auch &hellip; <\/p>\n<p class=\"link-more\"><a href=\"https:\/\/karower-familien-flohmarkt.de\/?page_id=216\" class=\"more-link\">Mehr <span class=\"screen-reader-text\">\u00fcber &#8222;Allgemeine Regeln unserer Flohm\u00e4rkte&#8220; <\/span>Lesen<\/a><\/p>\n","protected":false},"author":2,"featured_media":0,"parent":0,"menu_order":0,"comment_status":"closed","ping_status":"closed","template":"","meta":{"inspiro_hide_title":false,"footnotes":""},"class_list":["post-216","page","type-page","status-publish","hentry"],"_links":{"self":[{"href":"https:\/\/karower-familien-flohmarkt.de\/index.php?rest_route=\/wp\/v2\/pages\/216","targetHints":{"allow":["GET"]}}],"collection":[{"href":"https:\/\/karower-familien-flohmarkt.de\/index.php?rest_route=\/wp\/v2\/pages"}],"about":[{"href":"https:\/\/karower-familien-flohmarkt.de\/index.php?rest_route=\/wp\/v2\/types\/page"}],"author":[{"embeddable":true,"href":"https:\/\/karower-familien-flohmarkt.de\/index.php?rest_route=\/wp\/v2\/users\/2"}],"replies":[{"embeddable":true,"href":"https:\/\/karower-familien-flohmarkt.de\/index.php?rest_route=%2Fwp%2Fv2%2Fcomments&post=216"}],"version-history":[{"count":20,"href":"https:\/\/karower-familien-flohmarkt.de\/index.php?rest_route=\/wp\/v2\/pages\/216\/revisions"}],"predecessor-version":[{"id":299,"href":"https:\/\/karower-familien-flohmarkt.de\/index.php?rest_route=\/wp\/v2\/pages\/216\/revisions\/299"}],"wp:attachment":[{"href":"https:\/\/karower-familien-flohmarkt.de\/index.php?rest_route=%2Fwp%2Fv2%2Fmedia&parent=216"}],"curies":[{"name":"wp","href":"https:\/\/api.w.org\/{rel}","templated":true}]}}